{"id":930,"date":"2020-02-02T08:14:54","date_gmt":"2020-02-02T08:14:54","guid":{"rendered":"http:\/\/xn--leserume-4za.de\/?page_id=930"},"modified":"2020-04-21T18:24:34","modified_gmt":"2020-04-21T18:24:34","slug":"ausgabe-6-beitrag-8","status":"publish","type":"page","link":"https:\/\/xn--leserume-4za.de\/?page_id=930","title":{"rendered":"Ausgabe 6 &#8211; Beitrag 8"},"content":{"rendered":"<h2><span style=\"color: #cc3300;\">Lis Sch\u00fcler:<\/span> <br \/>Sich Einschreiben in narrative Muster f\u00fcr vorgestellte Erfahrung. Schriftliches Erz\u00e4hlen im Kontext von Wort und Bild.<\/h2>\r\n<!-- \/wp:post-content -->\r\n\r\n<!-- wp:paragraph -->\r\n<p>(erscheint in der Ausgabe 6, 2020) <a href=\"https:\/\/xn--leserume-4za.de\/wp-content\/uploads\/2020\/02\/lr-erg-2020-1-Sch\u00fcler.pdf\"><strong> [pdf]<\/strong><\/a><\/p>","protected":false},"excerpt":{"rendered":"<p>Lis Sch\u00fcler: Sich Einschreiben in narrative Muster f\u00fcr vorgestellte Erfahrung. Schriftliches Erz\u00e4hlen im Kontext von Wort und Bild. (erscheint in der Ausgabe 6, 2020) [pdf]<\/p>\n","protected":false},"author":1,"featured_media":0,"parent":220,"menu_order":11,"comment_status":"closed","ping_status":"closed","template":"","meta":{"footnotes":""},"class_list":["post-930","page","type-page","status-publish","hentry"],"_links":{"self":[{"href":"https:\/\/xn--leserume-4za.de\/index.php?rest_route=\/wp\/v2\/pages\/930","targetHints":{"allow":["GET"]}}],"collection":[{"href":"https:\/\/xn--leserume-4za.de\/index.php?rest_route=\/wp\/v2\/pages"}],"about":[{"href":"https:\/\/xn--leserume-4za.de\/index.php?rest_route=\/wp\/v2\/types\/page"}],"author":[{"embeddable":true,"href":"https:\/\/xn--leserume-4za.de\/index.php?rest_route=\/wp\/v2\/users\/1"}],"replies":[{"embeddable":true,"href":"https:\/\/xn--leserume-4za.de\/index.php?rest_route=%2Fwp%2Fv2%2Fcomments&post=930"}],"version-history":[{"count":3,"href":"https:\/\/xn--leserume-4za.de\/index.php?rest_route=\/wp\/v2\/pages\/930\/revisions"}],"predecessor-version":[{"id":933,"href":"https:\/\/xn--leserume-4za.de\/index.php?rest_route=\/wp\/v2\/pages\/930\/revisions\/933"}],"up":[{"embeddable":true,"href":"https:\/\/xn--leserume-4za.de\/index.php?rest_route=\/wp\/v2\/pages\/220"}],"wp:attachment":[{"href":"https:\/\/xn--leserume-4za.de\/index.php?rest_route=%2Fwp%2Fv2%2Fmedia&parent=930"}],"curies":[{"name":"wp","href":"https:\/\/api.w.org\/{rel}","templated":true}]}}