{"id":571,"date":"2016-11-27T21:00:33","date_gmt":"2016-11-27T21:00:33","guid":{"rendered":"http:\/\/xn--leserume-4za.de\/?page_id=571"},"modified":"2022-12-13T10:17:39","modified_gmt":"2022-12-13T10:17:39","slug":"ausgabe-3-2016","status":"publish","type":"page","link":"https:\/\/xn--leserume-4za.de\/?page_id=571","title":{"rendered":"Ausgabe 3 (2016)"},"content":{"rendered":"<h1><strong>Deutschlehrer\/-in werden, Deutschlehrer\/-in sein<\/strong><\/h1>\n<h1>Konzepte und Befunde zur Profession und Professionalisierung von Deutschlehrer\/-innen<\/h1>\n<p>&nbsp;<\/p>\n<h2>Editorial<\/h2>\n<h5><strong><span style=\"color: #cc3300;\">Maja Wipr\u00e4chtiger-Geppert:<\/span> Deutschlehrer\/-in werden, Deutschlehrer\/-in sein. Konzepte und Befunde zur Profession und Professionalisierung von Deutschlehrer\/-innen. 1\u20133\u00a0 <a href=\"https:\/\/xn--leserume-4za.de\/wp-content\/uploads\/2016\/11\/lr-2016-1-editorial_1-3.pdf\">[pdf]<\/a><\/strong><\/h5>\n<p>&nbsp;<\/p>\n<h2>Thematische Beitr\u00e4ge<\/h2>\n<h5><strong><span style=\"color: #dc143c;\"><span style=\"color: #cc3300;\">Torsten Pflugmacher:<\/span>\u00a0<\/span>Deutschdidaktische Professionsforschung als Unterrichtsprozessforschung 4\u201320 <a href=\"http:\/\/leser\u00e4ume.de\/wp-content\/uploads\/2016\/11\/lr-2016-1-pflugmacher_4-20.pdf\">[pdf]<\/a><\/strong><\/h5>\n<p>&nbsp;<\/p>\n<h5><strong><span style=\"color: #ff0000;\"><span style=\"color: #cc3300;\">Helen Lehndorf:<\/span>\u00a0<\/span>Literaturbezogene Interaktionen in literaturwissenschaftlichen Seminaren mit Lehramtsstudierenden \u2013 \u00dcberlegungen zur Wissenschaftlichkeit in der Lehrerbildung f\u00fcr das Fach Deutsch 21\u201336 <a href=\"https:\/\/xn--leserume-4za.de\/wp-content\/uploads\/2016\/11\/lr-2016-1-lehndorf_21-36.pdf\">[pdf]<\/a><\/strong><\/h5>\n<p>&nbsp;<\/p>\n<h5><strong><span style=\"color: #cc3300;\">Kerstin B\u00f6hm \/ Wiebke von Bernstorff:\u00a0<\/span>LitPoP \u2013 Literaturportfolio zur Professionalisierung. Handlungsf\u00e4higkeit in der Literaturwissenschaft entwickeln 37\u201351 <a href=\"https:\/\/xn--leserume-4za.de\/wp-content\/uploads\/2016\/12\/lr-2016-1-boehm-bernstorff_37-51.pdf\">[pdf]<\/a><br \/>\n<\/strong><\/h5>\n<h5><strong>\u00a0<\/strong><\/h5>\n<h5><strong><span style=\"color: #cc3300;\">Judith Leiss:<\/span>\u00a0Kompetenzorientierung kompetenzorientiert vermitteln: Ein hochschuldidaktisches Konzept zur Anbahnung lehr-\/lerntheoretischer<br \/>\nKompetenz bei angehenden Deutschlehrkr\u00e4ften 52\u201363 <a title=\"Alle Ausgaben\" href=\"https:\/\/xn--leserume-4za.de\/wp-content\/uploads\/2016\/11\/lr-2016-1-lei\u00df_52-63.pdf\">[pdf]<\/a><\/strong><\/h5>\n<h5><strong>\u00a0<\/strong><\/h5>\n<h5><strong><span style=\"color: #cc3300;\">Gudrun Marci-Boehncke \/ Corinna Wulf:<\/span> Das Praxissemester in der Lehrerausbildung im Fach Deutsch: Theoretisch \u2013 Praktisch \u2013 Gut? Ein Blended-Learning Konzept zur Professionalisierung angehender Lehrkr\u00e4fte im Bereich der Lese- und Medienkompetenzf\u00f6rderung der TU Dortmund 64\u201383 <a href=\"https:\/\/xn--leserume-4za.de\/wp-content\/uploads\/2016\/11\/lr-2016-1-marci-boehncke_wulf_64-83.pdf\">[pdf]<\/a><\/strong><\/h5>\n<h5><strong>\u00a0<\/strong><\/h5>\n<h5><strong><span style=\"color: #cc3300;\">Irene Corvacho del Toro:<\/span>\u00a0Sprachliche Heterogenit\u00e4t und individuelle Lernunterst\u00fctzung. \u00dcber die Relevanz des Fachwissens und des fachdidaktischen Wissens im mehrsprachigen Kontext 84\u201397 <a href=\"https:\/\/xn--leserume-4za.de\/wp-content\/uploads\/2016\/11\/lr-2016-1-corvacho_84-97.pdf\">[pdf]<\/a><\/strong><\/h5>\n<h5><strong>\u00a0<\/strong><\/h5>\n<h5><strong><span style=\"color: #cc3300;\">Katrin Kleinschmidt:<\/span>\u00a0Sprachliches Lehrerhandeln als Bestandteil der professionellen Kompetenz von Lehrerinnen und Lehrern \u2013\u00a0Konturen eines wenig beachteten<br \/>\nForschungsfeldes 98\u2013114 <a href=\"https:\/\/xn--leserume-4za.de\/wp-content\/uploads\/2016\/11\/lr-2016-1-kleinschmidt_98-114.pdf\">[pdf]<\/a><\/strong><\/h5>\n<p>&nbsp;<\/p>\n<h5><strong><span style=\"color: #cc3300;\">Afra Sturm:\u00a0<\/span>Beurteilen und Kommentieren von Texten als fachdidaktisches Wissen 115<strong>\u2013<\/strong>132 <a href=\"https:\/\/xn--leserume-4za.de\/wp-content\/uploads\/2016\/12\/lr-2016-1-sturm_115-132.pdf\">[pdf]<\/a><\/strong><\/h5>\n<p>&nbsp;<\/p>\n<h5><span style=\"color: #cc3300;\"><strong>Carolin F\u00fchrer: <\/strong><\/span><strong>DeutschlehrerInnen im Spannungsfeld gesellschaftlicher Modernisierungsprozesse. Eine typologische Rekonstruktion individueller didaktischer Konzepte zur Entwicklung (kultur-) historischen Bewusstseins im Literaturunterricht 133\u2013146 <a href=\"https:\/\/xn--leserume-4za.de\/wp-content\/uploads\/2016\/12\/lr-2016-1-fuehrer_133-146.pdf\">[pdf]<\/a><\/strong><\/h5>\n<p>&nbsp;<\/p>\n<p>&nbsp;<\/p>\n<p style=\"text-align: left;\"><b>V.\u00a0i.\u00a0S.\u00a0d.\u00a0P. f\u00fcr diese Ausgabe: Maja Wipr\u00e4chtiger-Geppert<br \/>\n<\/b><\/p>\n<p style=\"text-align: left;\">Leiterin der Professur Deutschdidaktik<br \/>\nFachhochschule Nordwestschweiz<br \/>\nP\u00e4dagogische Hochschule<br \/>\nInstitut Primarstufe<br \/>\nKasernenstr. 31<br \/>\nCH-4410 Liestal<\/p>\n<h5><\/h5>\n<p>&nbsp;<\/p>\n<p>&nbsp;<\/p>\n<h5><strong><span style=\"color: #cc3300;\">Leser\u00e4ume<\/span> (3. Jahrgang, 2016, Heft 3)<\/strong><\/h5>\n<p>&nbsp;<\/p>\n","protected":false},"excerpt":{"rendered":"<p>Deutschlehrer\/-in werden, Deutschlehrer\/-in sein Konzepte und Befunde zur Profession und Professionalisierung von Deutschlehrer\/-innen &nbsp; Editorial Maja Wipr\u00e4chtiger-Geppert: Deutschlehrer\/-in werden, Deutschlehrer\/-in sein. Konzepte und Befunde zur Profession und Professionalisierung von Deutschlehrer\/-innen. 1\u20133\u00a0 [pdf] &nbsp; Thematische Beitr\u00e4ge Torsten Pflugmacher:\u00a0Deutschdidaktische Professionsforschung als Unterrichtsprozessforschung 4\u201320 [pdf] &nbsp; Helen Lehndorf:\u00a0Literaturbezogene Interaktionen in literaturwissenschaftlichen Seminaren mit Lehramtsstudierenden \u2013 \u00dcberlegungen zur Wissenschaftlichkeit [&hellip;]<\/p>\n","protected":false},"author":1,"featured_media":0,"parent":22,"menu_order":97,"comment_status":"closed","ping_status":"open","template":"","meta":{"footnotes":""},"class_list":["post-571","page","type-page","status-publish","hentry"],"_links":{"self":[{"href":"https:\/\/xn--leserume-4za.de\/index.php?rest_route=\/wp\/v2\/pages\/571","targetHints":{"allow":["GET"]}}],"collection":[{"href":"https:\/\/xn--leserume-4za.de\/index.php?rest_route=\/wp\/v2\/pages"}],"about":[{"href":"https:\/\/xn--leserume-4za.de\/index.php?rest_route=\/wp\/v2\/types\/page"}],"author":[{"embeddable":true,"href":"https:\/\/xn--leserume-4za.de\/index.php?rest_route=\/wp\/v2\/users\/1"}],"replies":[{"embeddable":true,"href":"https:\/\/xn--leserume-4za.de\/index.php?rest_route=%2Fwp%2Fv2%2Fcomments&post=571"}],"version-history":[{"count":40,"href":"https:\/\/xn--leserume-4za.de\/index.php?rest_route=\/wp\/v2\/pages\/571\/revisions"}],"predecessor-version":[{"id":1145,"href":"https:\/\/xn--leserume-4za.de\/index.php?rest_route=\/wp\/v2\/pages\/571\/revisions\/1145"}],"up":[{"embeddable":true,"href":"https:\/\/xn--leserume-4za.de\/index.php?rest_route=\/wp\/v2\/pages\/22"}],"wp:attachment":[{"href":"https:\/\/xn--leserume-4za.de\/index.php?rest_route=%2Fwp%2Fv2%2Fmedia&parent=571"}],"curies":[{"name":"wp","href":"https:\/\/api.w.org\/{rel}","templated":true}]}}