{"id":25,"date":"2013-02-12T20:28:15","date_gmt":"2013-02-12T20:28:15","guid":{"rendered":"http:\/\/xn--leserume-4za.de\/?page_id=25"},"modified":"2026-02-13T18:27:39","modified_gmt":"2026-02-13T18:27:39","slug":"herausgeber","status":"publish","type":"page","link":"https:\/\/xn--leserume-4za.de\/?page_id=25","title":{"rendered":"Herausgeber\/ -innen"},"content":{"rendered":"<p>&nbsp;<\/p>\n<p>&nbsp;<\/p>\n<p>Barbara Geist (Rheinland-Pf\u00e4lzische Technische Universit\u00e4t Kaiserslautern-Landau)<br \/>\nE-Mail: <a href=\"mailto:barbara.geist@rptu.de\">barbara.geist(at)rptu.de<\/a><\/p>\n<p>Sabrina Geyer (P\u00e4dagogische Hochschule Heidelberg)<br \/>\nE-Mail: <a href=\"mailto:geyer1@ph-heidelberg.de\">geyer1@ph-heidelberg.de<\/a><\/p>\n<p>Sarah Jagemann (Freie Universit\u00e4t Berlin)<br \/>\nE-Mail:<a href=\"mailto:jagemann@uni-wuppertal.de\"> sarah.jagemann(at)fu-berlin.de<\/a><\/p>\n<p>Magdalena Ki\u00dfling (Universit\u00e4t Duisburg-Essen)<br \/>\nE-Mail: <a href=\"mailto:magdalena.kissling@uni-due.de\" rel=\"noopener\">magdalena.kissling(at)uni-due.de<\/a><\/p>\n<p>Iris Kruse (Universit\u00e4t Paderborn)<br \/>\nE-Mail: <a href=\"mailto:Iris.Kruse@uni-paderborn.de\">Iris.Kruse(at)uni-paderborn.de<\/a><\/p>\n<p>Hans L\u00f6sener (P\u00e4dagogische Hochschule Heidelberg)<br \/>\nE-Mail: <a href=\"mailto:loesener@ph-heidelberg.de\">loesener(at)ph-heidelberg.de<\/a><\/p>\n<p>Kirsten Schindler (Bergische Universit\u00e4t Wuppertal)<br \/>\nE-Mail: <a href=\"mailto:kschindler@uni-wuppertal.de\">kschindler(at)uni-wuppertal.de<\/a><\/p>\n<p>Marcus Steinbrenner (P\u00e4dagogische Hochschule Luzern)<br \/>\nE-Mail: <a href=\"mailto:marcus.steinbrenner@phlu.ch\">marcus.steinbrenner(at)phlu.ch<\/a><\/p>\n<p>Karin Vach (P\u00e4dagogische Hochschule Heidelberg)<br \/>\nE-Mail: <a href=\"mailto:vach@ph-heidelberg.de\">vach(at)ph-heidelberg.de<\/a><\/p>\n<p>Steffen Volz (P\u00e4dagogische Hochschule Heidelberg)<br \/>\nE-Mail: <a href=\"mailto:steffen.volz@ph-heidelberg.de\">steffen.volz(at)ph-heidelberg.de<\/a><\/p>\n<p>&nbsp;<\/p>\n","protected":false},"excerpt":{"rendered":"<p>&nbsp; &nbsp; Barbara Geist (Rheinland-Pf\u00e4lzische Technische Universit\u00e4t Kaiserslautern-Landau) E-Mail: barbara.geist(at)rptu.de Sabrina Geyer (P\u00e4dagogische Hochschule Heidelberg) E-Mail: geyer1@ph-heidelberg.de Sarah Jagemann (Freie Universit\u00e4t Berlin) E-Mail: sarah.jagemann(at)fu-berlin.de Magdalena Ki\u00dfling (Universit\u00e4t Duisburg-Essen) E-Mail: magdalena.kissling(at)uni-due.de Iris Kruse (Universit\u00e4t Paderborn) E-Mail: Iris.Kruse(at)uni-paderborn.de Hans L\u00f6sener (P\u00e4dagogische Hochschule Heidelberg) E-Mail: loesener(at)ph-heidelberg.de Kirsten Schindler (Bergische Universit\u00e4t Wuppertal) E-Mail: kschindler(at)uni-wuppertal.de Marcus Steinbrenner (P\u00e4dagogische Hochschule Luzern) [&hellip;]<\/p>\n","protected":false},"author":1,"featured_media":0,"parent":0,"menu_order":3,"comment_status":"closed","ping_status":"open","template":"","meta":{"footnotes":""},"class_list":["post-25","page","type-page","status-publish","hentry"],"_links":{"self":[{"href":"https:\/\/xn--leserume-4za.de\/index.php?rest_route=\/wp\/v2\/pages\/25","targetHints":{"allow":["GET"]}}],"collection":[{"href":"https:\/\/xn--leserume-4za.de\/index.php?rest_route=\/wp\/v2\/pages"}],"about":[{"href":"https:\/\/xn--leserume-4za.de\/index.php?rest_route=\/wp\/v2\/types\/page"}],"author":[{"embeddable":true,"href":"https:\/\/xn--leserume-4za.de\/index.php?rest_route=\/wp\/v2\/users\/1"}],"replies":[{"embeddable":true,"href":"https:\/\/xn--leserume-4za.de\/index.php?rest_route=%2Fwp%2Fv2%2Fcomments&post=25"}],"version-history":[{"count":45,"href":"https:\/\/xn--leserume-4za.de\/index.php?rest_route=\/wp\/v2\/pages\/25\/revisions"}],"predecessor-version":[{"id":1318,"href":"https:\/\/xn--leserume-4za.de\/index.php?rest_route=\/wp\/v2\/pages\/25\/revisions\/1318"}],"wp:attachment":[{"href":"https:\/\/xn--leserume-4za.de\/index.php?rest_route=%2Fwp%2Fv2%2Fmedia&parent=25"}],"curies":[{"name":"wp","href":"https:\/\/api.w.org\/{rel}","templated":true}]}}