{"id":220,"date":"2014-06-08T19:23:34","date_gmt":"2014-06-08T19:23:34","guid":{"rendered":"http:\/\/xn--leserume-4za.de\/?page_id=220"},"modified":"2026-02-13T18:20:33","modified_gmt":"2026-02-13T18:20:33","slug":"forschung","status":"publish","type":"page","link":"https:\/\/xn--leserume-4za.de\/?page_id=220","title":{"rendered":"Forum Literalit\u00e4ts-forschung"},"content":{"rendered":"\r\n<p>&nbsp;<\/p>\r\n\r\n<h3 class=\"wp-block-heading\">\u00a0<\/h3>\r\n<h3><strong>Profil<\/strong><\/h3>\r\n\r\n<p>&nbsp;<\/p>\r\n\r\n<p>&nbsp;<\/p>\r\n\r\n<p><em>Forum Literalit\u00e4tsforschung <\/em>ist eine Rubrik der Zeitschrift <em>Leser\u00e4ume<\/em>, deren Beitr\u00e4ge im Peer-Review begutachtet werden. In der Rubrik k\u00f6nnen theoretisch-konzeptionelle Arbeiten, empirische Untersuchungen und historisch orientierte Forschungsbeitr\u00e4ge zu sprachlichen, literarischen, lesebezogenen und medialen Erwerbs- und Vermittlungsprozessen in formellen und informellen Bildungskontexten publiziert werden.<\/p>\r\n<p>&nbsp;<\/p>\r\n<h3><strong>Zielgruppe<\/strong><\/h3>\r\n<p>Das <em>Forum Literalit\u00e4tsforschung<\/em> richtet sich insbesondere an deutschdidaktisch Forschende, die (noch) keine Lebenszeitprofessur innehaben. Professor:innen k\u00f6nnen als Zweit- oder Drittautor:innen an der Publikation mitwirken; eine Erstautorenschaft schlie\u00dft die Rubrik allerdings aus. Mit dieser Fokussierung m\u00f6chten wir u. a. denjenigen eine Publikationsplattform bieten, f\u00fcr die im Rahmen von kumulativen Dissertationen und\/oder Bewerbungsprozessen peer-reviewte Beitr\u00e4ge besonders bedeutsam sind.<\/p>\r\n<p>&nbsp;<\/p>\r\n<h3><strong>Anforderungsprofil<\/strong><\/h3>\r\n<p>Das Anforderungsprofil der Rubrik ist durch zwei Pole gekennzeichnet:<\/p>\r\n<ul>\r\n<li>Es ist<em> niedrigschwellig<\/em> im Hinblick darauf, dass zu gr\u00f6\u00dferen wie kleineren Projekten im Kontext der Literalit\u00e4tsforschung jederzeit ein strukturiertes Abstract (s. u.) eingereicht werden kann und nicht der Status der Verfasser*innen, sondern die Qualit\u00e4t der zu erwartenden Publikation ma\u00dfgeblich ist.<br \/><br \/><\/li>\r\n<li>Es ist <em>hochschwellig<\/em> im Hinblick darauf, dass die Qualit\u00e4t der Publikation hohen wissenschaftlichen Anspr\u00fcchen gen\u00fcgen muss. Um diesen Anspr\u00fcchen zu entsprechen, werden alle eingereichten Beitr\u00e4ge durch externe Gutachter*innen anonym begutachtet (double blind Peer Review). Der gesamte Ver\u00f6ffentlichungsprozess wird dar\u00fcber hinaus von der Redaktion eng begleitet.<\/li>\r\n<\/ul>\r\n<p>&nbsp;<\/p>\r\n<h3><strong>Beitragsarten<\/strong><\/h3>\r\n<p><strong>1. Forschungsbeitr\u00e4ge<\/strong><\/p>\r\n<p>Es k\u00f6nnen sowohl die Pr\u00e4sentation und Diskussion von Forschungsbefunden bzw. Teilergebnissen als auch die theoretisch fundierte Darstellung der Anlage einer Studie sowie methodologische und methodische \u00dcberlegungen im Fokus der Beitr\u00e4ge stehen. Dies schlie\u00dft (kleinere) Projekte im Kontext von Hochschullehre bzw. Lehr-Forschungsprojekte ein. Entscheidend ist die differenzierte Reflexion vor dem Hintergrund des aktuellen Forschungsdiskurses.<\/p>\r\n<p><strong>2. Fokussierte Darstellung gr\u00f6\u00dferer Forschungsarbeiten<\/strong><\/p>\r\n<p>Dieses Format bietet die M\u00f6glichkeit, Erkenntnisse gr\u00f6\u00dferer Forschungsarbeiten (v. a. Dissertationen) in geb\u00fcndelter Form einer breiteren Leserschaft zug\u00e4nglich zu machen.<\/p>\r\n<p>Im Fokus soll eine Kurzfassung der Erkenntnisse der Arbeit stehen. Diese sollte durch eine vertiefte Methodenreflexion und\/oder eine weiterf\u00fchrende Einordnung der Erkenntnisse in neuere Forschungsergebnisse, die zum Entstehungszeitpunkt der Arbeit noch nicht ver\u00f6ffentlicht waren, erg\u00e4nzt werden.<\/p>\r\n<p>&nbsp;<\/p>\r\n<h3><strong>Prozess und Begleitung der Ver\u00f6ffentlichung<\/strong><\/h3>\r\n<p>Wenn Interesse an einer Ver\u00f6ffentlichung in der Rubrik besteht, ist zun\u00e4chst ein strukturiertes <a href=\"https:\/\/xn--leserume-4za.de\/wp-content\/uploads\/2020\/02\/LeseR-ForumLitFor-Hinweise-zum-strukturierten-Abstract.pdf\">Abstract<\/a> bei einem der Redaktionsmitglieder (siehe unten) einzureichen. Auf der Basis dieses Abstracts entscheidet die Redaktion, ob ein Beitrag eingereicht werden kann. Gegebenenfalls nimmt die Redaktion mit den Autor*innen Abstimmungen zur Ausrichtung des Beitrags vor.<\/p>\r\n<p>Liegt der eingereichte und anonymisierte Beitrag vor, geht dieser ins Blind-Peer-Review-Verfahren, d. h. er wird von zwei externen Gutachter*innen auf der Basis des <a href=\"https:\/\/xn--leserume-4za.de\/wp-content\/uploads\/2020\/02\/LeseR-ForumLitFor-Begutachtung.pdf\">Begutachtungsbogens<\/a> eingesch\u00e4tzt. Die Redaktion ist darum bem\u00fcht, gegebenenfalls notwendige \u00dcberarbeitungsschritte konstruktiv zu begleiten. Die Begleitung der Beitr\u00e4ge durch die Redaktion stellt ein wichtiges Anliegen der Rubrik dar.<\/p>\r\n<p>F\u00fcr die Erstellung der Beitr\u00e4ge gelten die Richtlinien der Zeitschrift <em>Leser\u00e4ume<\/em>, die unter dem folgenden Link heruntergeladen werden k\u00f6nnen: <a href=\"https:\/\/xn--leserume-4za.de\/wp-content\/uploads\/2022\/10\/Hinweise-fuer-die-Gestaltung-der-Manuskripte.pdf\">Hinweise f\u00fcr die Manuskriptgestaltung<\/a>.<\/p>\r\n<p>&nbsp;<\/p>\r\n<h3><strong>Redaktion<\/strong><\/h3>\r\n<p>Die Rubrik<em> Forum Literalit\u00e4tsforschung<\/em> hat eine eigene Redaktion, die auf der Grundlage der Au\u00dfengutachten \u00fcber die Aufnahme von Beitr\u00e4gen entscheidet und den etwaigen Ver\u00f6ffentlichungsprozess begleitet.<\/p>\r\n<p>Mitglieder der Redaktion:<\/p>\r\n<p><em>Melanie Bangel (<a href=\"https:\/\/ekvv.uni-bielefeld.de\/pers_publ\/publ\/PersonDetail.jsp?personId=215940243\">Universit\u00e4t Bielefeld<\/a>)<br \/><\/em>E-Mail: melanie.bangel(at)uni-bielefeld.de<em><br \/><\/em><\/p>\r\n<p><em>Daniel Scherf (<a href=\"https:\/\/www.ph-heidelberg.de\/scherf-daniel.html\">P\u00e4dagogische Hochschule Heidelberg<\/a>)<br \/><\/em>E-Mail: scherf(at)ph-heidelberg.de<\/p>\r\n<p><em>Dorothee Wieser (<a href=\"https:\/\/www.literatur.hu-berlin.de\/de\/ueberdasinstitut\/mitarbeitende\/derzeitige-institutsmitarbeiter-innen\/derzeitige-institutsmitarbeiterinnen\/1696251\">Humboldt-Universit\u00e4t zu Berlin<\/a>)<br \/><\/em>E-Mail: <a rel=\"noopener\">dorothee.wieser(at)<\/a>hu-berlin.de<\/p>\r\n<p>&nbsp;<\/p>\r\n<p>\r\n\r\n<\/p>\r\n<p>\r\n\r\n<\/p>\r\n","protected":false},"excerpt":{"rendered":"<p>&nbsp; \u00a0 Profil &nbsp; &nbsp; Forum Literalit\u00e4tsforschung ist eine Rubrik der Zeitschrift Leser\u00e4ume, deren Beitr\u00e4ge im Peer-Review begutachtet werden. In der Rubrik k\u00f6nnen theoretisch-konzeptionelle Arbeiten, empirische Untersuchungen und historisch orientierte Forschungsbeitr\u00e4ge zu sprachlichen, literarischen, lesebezogenen und medialen Erwerbs- und Vermittlungsprozessen in formellen und informellen Bildungskontexten publiziert werden. &nbsp; Zielgruppe Das Forum Literalit\u00e4tsforschung richtet sich insbesondere [&hellip;]<\/p>\n","protected":false},"author":1,"featured_media":0,"parent":0,"menu_order":1,"comment_status":"closed","ping_status":"open","template":"","meta":{"footnotes":""},"class_list":["post-220","page","type-page","status-publish","hentry"],"_links":{"self":[{"href":"https:\/\/xn--leserume-4za.de\/index.php?rest_route=\/wp\/v2\/pages\/220","targetHints":{"allow":["GET"]}}],"collection":[{"href":"https:\/\/xn--leserume-4za.de\/index.php?rest_route=\/wp\/v2\/pages"}],"about":[{"href":"https:\/\/xn--leserume-4za.de\/index.php?rest_route=\/wp\/v2\/types\/page"}],"author":[{"embeddable":true,"href":"https:\/\/xn--leserume-4za.de\/index.php?rest_route=\/wp\/v2\/users\/1"}],"replies":[{"embeddable":true,"href":"https:\/\/xn--leserume-4za.de\/index.php?rest_route=%2Fwp%2Fv2%2Fcomments&post=220"}],"version-history":[{"count":97,"href":"https:\/\/xn--leserume-4za.de\/index.php?rest_route=\/wp\/v2\/pages\/220\/revisions"}],"predecessor-version":[{"id":1315,"href":"https:\/\/xn--leserume-4za.de\/index.php?rest_route=\/wp\/v2\/pages\/220\/revisions\/1315"}],"wp:attachment":[{"href":"https:\/\/xn--leserume-4za.de\/index.php?rest_route=%2Fwp%2Fv2%2Fmedia&parent=220"}],"curies":[{"name":"wp","href":"https:\/\/api.w.org\/{rel}","templated":true}]}}