{"id":22,"date":"2013-02-12T20:22:59","date_gmt":"2013-02-12T20:22:59","guid":{"rendered":"http:\/\/xn--leserume-4za.de\/?page_id=22"},"modified":"2025-06-27T09:20:25","modified_gmt":"2025-06-27T09:20:25","slug":"archiv","status":"publish","type":"page","link":"https:\/\/xn--leserume-4za.de\/?page_id=22","title":{"rendered":"Alle Ausgaben"},"content":{"rendered":"<p>&nbsp;<\/p>\n<h5><span style=\"color: #cc3300;\">Ausgabe 11: <\/span>Forschungsperspektiven zu KI und Schreiben (12. Jg., 2025, Ausgabe 11) <a title=\"Ausgabe 5 (2018)\" href=\"https:\/\/xn--leserume-4za.de\/?page_id=1255\">[Link]<\/a><\/h5>\n<p>&nbsp;<\/p>\n<h5><span style=\"color: #cc3300;\">Ausgabe 10: <\/span>Mehrdeutigkeit als literaturdidaktische Schl\u00fcsselkategorie (11. Jg., 2024, Ausgabe 10) <a title=\"Ausgabe 5 (2018)\" href=\"https:\/\/xn--leserume-4za.de\/?page_id=1217\">[Link]<\/a><\/h5>\n<p>&nbsp;<\/p>\n<h5><span style=\"color: #cc3300;\">Ausgabe 9: <\/span>Abschl\u00e4ge \u00fcber das ganze Spielfeld: Bettina Hurrelmanns Bedeutung f\u00fcr die Deutschdidaktik heute (10. Jg., 2023, Ausgabe 9) <a title=\"Ausgabe 5 (2018)\" href=\"https:\/\/xn--leserume-4za.de\/?page_id=1169\">[Link]<\/a><\/h5>\n<p>&nbsp;<\/p>\n<h5><\/h5>\n<h5><span style=\"color: #cc3300;\">Ausgabe 8:<\/span>\u00a0Deutschunterricht in der Postmigrationsgesellschaft (9. Jg., 2022, Ausgabe 8) <a title=\"Ausgabe 5 (2018)\" href=\"https:\/\/xn--leserume-4za.de\/?page_id=1110\">[Link]<\/a><\/h5>\n<h5><\/h5>\n<p>&nbsp;<\/p>\n<h5><span style=\"color: #cc3300;\">Ausgabe 7: <\/span>Lernf\u00f6rderliche Unterrichtsgespr\u00e4che im Deutschunterricht (8. Jg., 2021, Ausgabe 7) <a title=\"Ausgabe 5 (2018)\" href=\"https:\/\/leser\u00e4ume.de\/?page_id=1058\">[Link]<\/a><\/h5>\n<p>&nbsp;<\/p>\n<h5><span style=\"color: #cc3300;\">Ausgabe 6: <\/span>20 Jahre PISA. Bildung und Literatur in Schule und Gesellschaft (7. Jg., 2018, Ausgabe 6)<a title=\"Ausgabe 5 (2018)\" href=\"http:\/\/leser\u00e4ume.de\/?page_id=1006\"> [Link]<\/a><\/h5>\n<p>&nbsp;<\/p>\n<h5><span style=\"color: #cc3300;\">Ausgabe 5:<\/span> Lautes Lesen (5. Jg., 2018, Ausgabe 5) <a href=\"http:\/\/leser\u00e4ume.de\/?page_id=815\">[Link]<\/a><\/h5>\n<p>&nbsp;<\/p>\n<h5><span style=\"color: #cc3300;\">Ausgabe 4:<\/span> Die Sprachlichkeit des Literaturunterrichts (5. Jg. 2018, Ausgabe 4) <a title=\"Ausgabe 2015\/1\" href=\"https:\/\/xn--leserume-4za.de\/?page_id=692\">[Link]<\/a><\/h5>\n<p>&nbsp;<\/p>\n<h5><span style=\"color: #cc3300;\">Ausgabe 3: <\/span>Deutschlehrer\/-in werden, Deutschlehrer\/-in sein. Konzepte und Befunde zur Profession und Professionalisierung von Deutschlehrer\/-innen (3. Jg., 2016, Ausgabe 3 )<a title=\"Ausgabe 2015\/1\" href=\"https:\/\/xn--leserume-4za.de\/?page_id=571\"> [Link]<\/a><\/h5>\n<p>&nbsp;<\/p>\n<h5><span style=\"color: #cc3300;\">Ausgabe 2:<\/span> Elf Aspekte des literarischen Lernens auf dem Pr\u00fcfstand (2. Jg., 2015,\u00a0Ausgabe 2 ) <a title=\"Ausgabe 2015\/1\" href=\"https:\/\/xn--leserume-4za.de\/?page_id=308\">[Link]<\/a><\/h5>\n<p>&nbsp;<\/p>\n<h5><span style=\"color: #cc3300;\">Ausgabe 1:<\/span> Lese- und Medienkulturen (1. Jg., 2014,\u00a0Ausgabe 1)<a title=\"Ausgabe 2014\/1\" href=\"https:\/\/xn--leserume-4za.de\/?page_id=14\"> [Link]<\/a><\/h5>\n<p>&nbsp;<\/p>\n<p><strong>\u00a0<\/strong><\/p>\n","protected":false},"excerpt":{"rendered":"<p>&nbsp; Ausgabe 11: Forschungsperspektiven zu KI und Schreiben (12. Jg., 2025, Ausgabe 11) [Link] &nbsp; Ausgabe 10: Mehrdeutigkeit als literaturdidaktische Schl\u00fcsselkategorie (11. Jg., 2024, Ausgabe 10) [Link] &nbsp; Ausgabe 9: Abschl\u00e4ge \u00fcber das ganze Spielfeld: Bettina Hurrelmanns Bedeutung f\u00fcr die Deutschdidaktik heute (10. Jg., 2023, Ausgabe 9) [Link] &nbsp; Ausgabe 8:\u00a0Deutschunterricht in der Postmigrationsgesellschaft (9. [&hellip;]<\/p>\n","protected":false},"author":1,"featured_media":0,"parent":0,"menu_order":1,"comment_status":"closed","ping_status":"open","template":"","meta":{"footnotes":""},"class_list":["post-22","page","type-page","status-publish","hentry"],"_links":{"self":[{"href":"https:\/\/xn--leserume-4za.de\/index.php?rest_route=\/wp\/v2\/pages\/22","targetHints":{"allow":["GET"]}}],"collection":[{"href":"https:\/\/xn--leserume-4za.de\/index.php?rest_route=\/wp\/v2\/pages"}],"about":[{"href":"https:\/\/xn--leserume-4za.de\/index.php?rest_route=\/wp\/v2\/types\/page"}],"author":[{"embeddable":true,"href":"https:\/\/xn--leserume-4za.de\/index.php?rest_route=\/wp\/v2\/users\/1"}],"replies":[{"embeddable":true,"href":"https:\/\/xn--leserume-4za.de\/index.php?rest_route=%2Fwp%2Fv2%2Fcomments&post=22"}],"version-history":[{"count":76,"href":"https:\/\/xn--leserume-4za.de\/index.php?rest_route=\/wp\/v2\/pages\/22\/revisions"}],"predecessor-version":[{"id":1296,"href":"https:\/\/xn--leserume-4za.de\/index.php?rest_route=\/wp\/v2\/pages\/22\/revisions\/1296"}],"wp:attachment":[{"href":"https:\/\/xn--leserume-4za.de\/index.php?rest_route=%2Fwp%2Fv2%2Fmedia&parent=22"}],"curies":[{"name":"wp","href":"https:\/\/api.w.org\/{rel}","templated":true}]}}