{"id":2,"date":"2013-02-12T18:36:41","date_gmt":"2013-02-12T18:36:41","guid":{"rendered":"http:\/\/xn--leserume-4za.de\/?page_id=2"},"modified":"2025-10-06T18:10:12","modified_gmt":"2025-10-06T18:10:12","slug":"sample-page","status":"publish","type":"page","link":"https:\/\/xn--leserume-4za.de\/","title":{"rendered":"Forschung und Unterricht im Dialog"},"content":{"rendered":"<p>\u201eLeser\u00e4ume\u201c versteht sich als Zeitschrift f\u00fcr didaktische Forschung und Reflexion. Sie wendet sich \u00a0dem Themenkomplex \u201eLiteralit\u00e4t\u201c aus wissenschaftlicher und unterrichtlicher Sicht\u00a0 zu. \u00a0Die Grundlage bildet ein umfassender Begriff von Literalit\u00e4t, der Bedingungen der sich wandelnden Medienkultur mit einschlie\u00dft. Die Zeitschrift will Ver\u00e4nderungen der literalen Kulturen und der gesellschaftlichen Kommunikationsprozesse in allen ihren medialen Realisierungen thematisieren und dabei sowohl theoretischen Reflexionen als auch empirischen Untersuchungen Raum geben. Wie im Untertitel \u201eLiteralit\u00e4t in Schule und Forschung\u201c zum Ausdruck gebracht, ist es Ziel der Zeitschrift, zum Dialog von Forschung und Unterricht beizutragen.<\/p>\n<p>Das thematische Spektrum soll alle Bereiche des sprachlichen, literarischen und medialen Lernens und Lehrens umfassen. Die Zeitschrift richtet sich gleicherma\u00dfen an Hochschullehrende, Studierende, Fachleitende und an Lehrerinnen und Lehrer aller Schularten.<\/p>\n<p>Die Ausgaben erscheinen ein- bis zweimal j\u00e4hrlich ausschlie\u00dflich in digitaler Form; die einzelnen Beitr\u00e4ge k\u00f6nnen kostenfrei als PDF-Dateien heruntergeladen werden.<\/p>\n<p><a title=\"Ergebnisse\" href=\"https:\/\/xn--leserume-4za.de\/?page_id=220\"><em>Forum Literalit\u00e4tsforschung<\/em> <\/a>ist eine Rubrik der Zeitschrift, in der Artikel publiziert werden k\u00f6nnen, die nach den Standards des Peer-Reviews von einer Fachkommission begutachtet werden.<\/p>\n<p>Zur aktuellen Ausgabe 11 (2025): <a href=\"https:\/\/xn--leserume-4za.de\/?page_id=1255\">Forschungsperspektiven zu KI und Schreiben<\/a><\/p>\n<p>Die n\u00e4chste Ausgabe der Zeitschrift wird dem Thema &#8222;Deutschdidaktik in der Inklusion&#8220; (Arbeitstitel) gewidmet sein.<\/p>\n<p>&nbsp;<\/p>\n<p>Und hier kann unser Newsletter abonniert werden:<br \/>\n<a href=\"https:\/\/www.listserv.dfn.de\/sympa\/subscribe\/leseraeume\">https:\/\/www.listserv.dfn.de\/sympa\/subscribe\/leseraeume<\/a><\/p>\n<p>&nbsp;<\/p>\n","protected":false},"excerpt":{"rendered":"<p>\u201eLeser\u00e4ume\u201c versteht sich als Zeitschrift f\u00fcr didaktische Forschung und Reflexion. Sie wendet sich \u00a0dem Themenkomplex \u201eLiteralit\u00e4t\u201c aus wissenschaftlicher und unterrichtlicher Sicht\u00a0 zu. \u00a0Die Grundlage bildet ein umfassender Begriff von Literalit\u00e4t, der Bedingungen der sich wandelnden Medienkultur mit einschlie\u00dft. Die Zeitschrift will Ver\u00e4nderungen der literalen Kulturen und der gesellschaftlichen Kommunikationsprozesse in allen ihren medialen Realisierungen thematisieren [&hellip;]<\/p>\n","protected":false},"author":1,"featured_media":0,"parent":0,"menu_order":0,"comment_status":"closed","ping_status":"closed","template":"","meta":{"footnotes":""},"class_list":["post-2","page","type-page","status-publish","hentry"],"_links":{"self":[{"href":"https:\/\/xn--leserume-4za.de\/index.php?rest_route=\/wp\/v2\/pages\/2","targetHints":{"allow":["GET"]}}],"collection":[{"href":"https:\/\/xn--leserume-4za.de\/index.php?rest_route=\/wp\/v2\/pages"}],"about":[{"href":"https:\/\/xn--leserume-4za.de\/index.php?rest_route=\/wp\/v2\/types\/page"}],"author":[{"embeddable":true,"href":"https:\/\/xn--leserume-4za.de\/index.php?rest_route=\/wp\/v2\/users\/1"}],"replies":[{"embeddable":true,"href":"https:\/\/xn--leserume-4za.de\/index.php?rest_route=%2Fwp%2Fv2%2Fcomments&post=2"}],"version-history":[{"count":62,"href":"https:\/\/xn--leserume-4za.de\/index.php?rest_route=\/wp\/v2\/pages\/2\/revisions"}],"predecessor-version":[{"id":1302,"href":"https:\/\/xn--leserume-4za.de\/index.php?rest_route=\/wp\/v2\/pages\/2\/revisions\/1302"}],"wp:attachment":[{"href":"https:\/\/xn--leserume-4za.de\/index.php?rest_route=%2Fwp%2Fv2%2Fmedia&parent=2"}],"curies":[{"name":"wp","href":"https:\/\/api.w.org\/{rel}","templated":true}]}}