{"id":1247,"date":"2025-03-05T18:37:49","date_gmt":"2025-03-05T18:37:49","guid":{"rendered":"https:\/\/xn--leserume-4za.de\/?page_id=1247"},"modified":"2025-11-23T18:41:07","modified_gmt":"2025-11-23T18:41:07","slug":"ausgabe-11-beitrag-15","status":"publish","type":"page","link":"https:\/\/xn--leserume-4za.de\/?page_id=1247","title":{"rendered":"Ausgabe 11 &#8211; Beitrag 15"},"content":{"rendered":"<h2 class=\"Autor\"><span style=\"color: #cc3300;\">Dilara <\/span><span style=\"color: #cc3300;\">Demird\u00f6gen:<\/span><\/h2>\n<h2>Wie rezipieren Kinder Bilderbuch-Apps? Beobachtungen zu literar\u00e4sthetischen Erfahrungen mit digitalen Kinderb\u00fcchern<\/h2>\n<p>(erscheint in der Ausgabe 11, 2025) <a href=\"https:\/\/xn--leserume-4za.de\/wp-content\/uploads\/2025\/11\/lr-folit-2025-1-Demirdoegen.pdf\"><strong> [pdf]<\/strong><\/a><\/p>\n","protected":false},"excerpt":{"rendered":"<p>Dilara Demird\u00f6gen: Wie rezipieren Kinder Bilderbuch-Apps? Beobachtungen zu literar\u00e4sthetischen Erfahrungen mit digitalen Kinderb\u00fcchern (erscheint in der Ausgabe 11, 2025) [pdf]<\/p>\n","protected":false},"author":1,"featured_media":0,"parent":220,"menu_order":3,"comment_status":"closed","ping_status":"closed","template":"","meta":{"footnotes":""},"class_list":["post-1247","page","type-page","status-publish","hentry"],"_links":{"self":[{"href":"https:\/\/xn--leserume-4za.de\/index.php?rest_route=\/wp\/v2\/pages\/1247","targetHints":{"allow":["GET"]}}],"collection":[{"href":"https:\/\/xn--leserume-4za.de\/index.php?rest_route=\/wp\/v2\/pages"}],"about":[{"href":"https:\/\/xn--leserume-4za.de\/index.php?rest_route=\/wp\/v2\/types\/page"}],"author":[{"embeddable":true,"href":"https:\/\/xn--leserume-4za.de\/index.php?rest_route=\/wp\/v2\/users\/1"}],"replies":[{"embeddable":true,"href":"https:\/\/xn--leserume-4za.de\/index.php?rest_route=%2Fwp%2Fv2%2Fcomments&post=1247"}],"version-history":[{"count":2,"href":"https:\/\/xn--leserume-4za.de\/index.php?rest_route=\/wp\/v2\/pages\/1247\/revisions"}],"predecessor-version":[{"id":1311,"href":"https:\/\/xn--leserume-4za.de\/index.php?rest_route=\/wp\/v2\/pages\/1247\/revisions\/1311"}],"up":[{"embeddable":true,"href":"https:\/\/xn--leserume-4za.de\/index.php?rest_route=\/wp\/v2\/pages\/220"}],"wp:attachment":[{"href":"https:\/\/xn--leserume-4za.de\/index.php?rest_route=%2Fwp%2Fv2%2Fmedia&parent=1247"}],"curies":[{"name":"wp","href":"https:\/\/api.w.org\/{rel}","templated":true}]}}