{"id":1225,"date":"2024-05-31T19:22:02","date_gmt":"2024-05-31T19:22:02","guid":{"rendered":"https:\/\/xn--leserume-4za.de\/?page_id=1225"},"modified":"2024-05-31T19:26:48","modified_gmt":"2024-05-31T19:26:48","slug":"ausgabe-10-beitrag-14","status":"publish","type":"page","link":"https:\/\/xn--leserume-4za.de\/?page_id=1225","title":{"rendered":"Ausgabe 10 &#8211; Beitrag 14"},"content":{"rendered":"<h2 class=\"Autor\"><span style=\"color: #cc3300;\">Florian Hesse:<\/span><\/h2>\n<h2>Wie h\u00e4ngen die Qualit\u00e4tsdimensionen von Literaturunterricht untereinander und mit Oberfl\u00e4chenmerkmalen des Unterrichts zusammen? Befunde einer Videostudie zur Unterrichtsqualit\u00e4t im Praxissemester<\/h2>\n<p>(erscheint in der Ausgabe 10, 2024) <a href=\"https:\/\/xn--leserume-4za.de\/wp-content\/uploads\/2024\/05\/lr-folit-2024-1-Hesse.pdf\"><strong> [pdf]<\/strong><\/a><\/p>\n","protected":false},"excerpt":{"rendered":"<p>Florian Hesse: Wie h\u00e4ngen die Qualit\u00e4tsdimensionen von Literaturunterricht untereinander und mit Oberfl\u00e4chenmerkmalen des Unterrichts zusammen? Befunde einer Videostudie zur Unterrichtsqualit\u00e4t im Praxissemester (erscheint in der Ausgabe 10, 2024) [pdf]<\/p>\n","protected":false},"author":1,"featured_media":0,"parent":220,"menu_order":4,"comment_status":"closed","ping_status":"closed","template":"","meta":{"footnotes":""},"class_list":["post-1225","page","type-page","status-publish","hentry"],"_links":{"self":[{"href":"https:\/\/xn--leserume-4za.de\/index.php?rest_route=\/wp\/v2\/pages\/1225","targetHints":{"allow":["GET"]}}],"collection":[{"href":"https:\/\/xn--leserume-4za.de\/index.php?rest_route=\/wp\/v2\/pages"}],"about":[{"href":"https:\/\/xn--leserume-4za.de\/index.php?rest_route=\/wp\/v2\/types\/page"}],"author":[{"embeddable":true,"href":"https:\/\/xn--leserume-4za.de\/index.php?rest_route=\/wp\/v2\/users\/1"}],"replies":[{"embeddable":true,"href":"https:\/\/xn--leserume-4za.de\/index.php?rest_route=%2Fwp%2Fv2%2Fcomments&post=1225"}],"version-history":[{"count":1,"href":"https:\/\/xn--leserume-4za.de\/index.php?rest_route=\/wp\/v2\/pages\/1225\/revisions"}],"predecessor-version":[{"id":1226,"href":"https:\/\/xn--leserume-4za.de\/index.php?rest_route=\/wp\/v2\/pages\/1225\/revisions\/1226"}],"up":[{"embeddable":true,"href":"https:\/\/xn--leserume-4za.de\/index.php?rest_route=\/wp\/v2\/pages\/220"}],"wp:attachment":[{"href":"https:\/\/xn--leserume-4za.de\/index.php?rest_route=%2Fwp%2Fv2%2Fmedia&parent=1225"}],"curies":[{"name":"wp","href":"https:\/\/api.w.org\/{rel}","templated":true}]}}