{"id":1169,"date":"2023-12-18T14:31:35","date_gmt":"2023-12-18T14:31:35","guid":{"rendered":"https:\/\/xn--leserume-4za.de\/?page_id=1169"},"modified":"2023-12-21T18:21:18","modified_gmt":"2023-12-21T18:21:18","slug":"ausgabe-9-2023","status":"publish","type":"page","link":"https:\/\/xn--leserume-4za.de\/?page_id=1169","title":{"rendered":"Ausgabe 9 (2023)"},"content":{"rendered":"<h1>Abschl\u00e4ge \u00fcber das ganze Spielfeld: Bettina Hurrelmanns Bedeutung f\u00fcr die Deutschdidaktik heute<\/h1>\n<p>&nbsp;<\/p>\n<h2>Editorial<\/h2>\n<h5><strong><span style=\"color: #cc3300;\">Karin Vach \/ Steffen Volz:<\/span> Editorial <a href=\"https:\/\/xn--leserume-4za.de\/wp-content\/uploads\/2023\/12\/lr-2023-1-Editorial_Vach_Volz.pdf\">[pdf]<\/a><\/strong><\/h5>\n<p>&nbsp;<\/p>\n<h2>Thematische Beitr\u00e4ge<\/h2>\n<h5><strong><span style=\"color: #cc3300;\">Maik Philipp:<\/span> Lesekompetenz \u2013 neue prozessuale Herausforderungen im kritisch-evaluativen Lesen und ihre Folgen f\u00fcr das Kompetenzkonstrukt <a href=\"https:\/\/xn--leserume-4za.de\/wp-content\/uploads\/2023\/12\/lr-2023-1-Philipp.pdf\">[pdf]<\/a><\/strong><\/h5>\n<p>&nbsp;<\/p>\n<h5><strong><span style=\"color: #cc3300;\">Simone C. Ehmig:<\/span> Wie Leser\u00e4ume schaffen, wo kein Raum zum Lesen ist? Zur Notwendigkeit von alltagsnahen Ma\u00dfnahmen zur Pr\u00e4vention geringer Literalisierung in der (fr\u00fchen) Kindheit <a href=\"https:\/\/xn--leserume-4za.de\/wp-content\/uploads\/2023\/12\/lr-2023-1-Ehmig.pdf\">[pdf]<\/a><\/strong><\/h5>\n<p>&nbsp;<\/p>\n<h5><strong><span style=\"color: #cc3300;\">Sebastian Schmideler:<\/span> Hurrelmann revisited: Rekonstruktion und Kontextualisierung ihrer Beitr\u00e4ge zur Geschichte der Kinder- und Jugendliteratur f\u00fcr eine fachhistoriografische Perspektive <a href=\"https:\/\/xn--leserume-4za.de\/wp-content\/uploads\/2023\/12\/lr-2023-1-Schmideler.pdf\">[pdf]<\/a><\/strong><\/h5>\n<p>&nbsp;<\/p>\n<h5><strong><span style=\"color: #cc3300;\">Patrick Bettinger \/ Saskia Draheim:<\/span> Zwischen Poststrukturalismus und Kritischer Theorie? Eine kritische Auseinandersetzung mit der Pr\u00e4misse des gesellschaftlich handlungsf\u00e4higen Subjekts als Ausgangspunkt von Medienkompetenz <a href=\"https:\/\/xn--leserume-4za.de\/wp-content\/uploads\/2023\/12\/lr-2023-1-Bettinger_Draheim.pdf\">[pdf]<\/a><\/strong><\/h5>\n<p>&nbsp;<\/p>\n<h5><strong><span style=\"color: #cc3300;\">Felix B\u00f6hm \/ Olaf G\u00e4tje:<\/span> Literalit\u00e4t und das gesellschaftlich handlungsf\u00e4hige Subjekt in der posttypographischen Kultur <a href=\"https:\/\/xn--leserume-4za.de\/wp-content\/uploads\/2023\/12\/lr-2023-1-Boehm_Gaetje.pdf\">[pdf]<\/a><\/strong><\/h5>\n<p><strong>\u00a0<\/strong><\/p>\n<h2>Erinnerungen an Bettina Hurrelmann<\/h2>\n<h5><strong><br \/>\n<span style=\"color: #cc3300;\">Andrea Bertschi-Kaufmann:<\/span> Bettina Hurrelmann, eine Lehrerin voller \u00dcberzeugungskraft <a href=\"https:\/\/xn--leserume-4za.de\/wp-content\/uploads\/2023\/12\/lr-2023-1-Bertschi-Kaufmann.pdf\">[pdf]<\/a><\/strong><\/h5>\n<p>&nbsp;<\/p>\n<h5><strong><span style=\"color: #cc3300;\">Christine Garbe:<\/span> F\u00fcr Bettina Hurrelmann zur akademischen Verabschiedung am 16. Januar 2009. Eine nicht gehaltene Rede <a href=\"https:\/\/xn--leserume-4za.de\/wp-content\/uploads\/2023\/12\/lr-2023-1-Garbe.pdf\">[pdf]<\/a><\/strong><\/h5>\n<p>&nbsp;<\/p>\n<h5><strong><span style=\"color: #cc3300;\">Petra Josting:<\/span> Bettina Hurrelmann \u2013 Eine wegweisende, innovative und breit aufgestellte Wissenschaftlerin <a href=\"https:\/\/xn--leserume-4za.de\/wp-content\/uploads\/2023\/12\/lr-2023-1-Josting.pdf\">[pdf]<\/a><\/strong><\/h5>\n<p>&nbsp;<\/p>\n<h5><strong><span style=\"color: #cc3300;\">Irmgard Nickel-Bacon:<\/span> Die Unbeirrbare. Begegnungen mit Bettina Hurrelmann <a href=\"https:\/\/xn--leserume-4za.de\/wp-content\/uploads\/2023\/12\/lr-2023-1-Nickel-Bacon.pdf\">[pdf]<\/a><\/strong><\/h5>\n<p>&nbsp;<\/p>\n<h5><strong><span style=\"color: #cc3300;\">Heide Niemann:<\/span> F\u00fcnf Freunde erleben Abenteuer \u2013 Bettina \u2013 Paddington <a href=\"https:\/\/xn--leserume-4za.de\/wp-content\/uploads\/2023\/12\/lr-2023-1-Niemann.pdf\">[pdf]<\/a><\/strong><\/h5>\n<p>&nbsp;<\/p>\n<h5><strong><span style=\"color: #cc3300;\">Cornelia Rosebrock:<\/span> Lese- und Mediensozialisation sind das Fundament der Literaturdidaktik <a href=\"https:\/\/xn--leserume-4za.de\/wp-content\/uploads\/2023\/12\/lr-2023-1-Rosebrock.pdf\">[pdf]<\/a><\/strong><\/h5>\n<p>&nbsp;<\/p>\n<h5><strong><span style=\"color: #cc3300;\">Karin Vach:<\/span> Die Mentorin Bettina Hurrelmann <a href=\"https:\/\/xn--leserume-4za.de\/wp-content\/uploads\/2023\/12\/lr-2023-1-Vach.pdf\">[pdf]<\/a><\/strong><\/h5>\n<p>&nbsp;<\/p>\n<h5><strong><span style=\"color: #cc3300;\">Petra Wieler:<\/span> Zur Erinnerung an Bettina Hurrelmann <a href=\"https:\/\/xn--leserume-4za.de\/wp-content\/uploads\/2023\/12\/lr-2023-1-Wieler.pdf\">[pdf]<\/a><\/strong><\/h5>\n<p>&nbsp;<\/p>\n<p>&nbsp;<\/p>\n<p><b>V. i. S. d. P. f\u00fcr diese Ausgabe: Steffen Volz<\/b><b><br \/>\n<\/b><\/p>\n<p>Steffen Volz<br \/>\nInstitut f\u00fcr deutsche Sprache und Literatur<br \/>\nP\u00e4dagogische Hochschule Heidelberg<br \/>\nIm Neuenheimer Feld 561<br \/>\n69120 Heidelberg<\/p>\n","protected":false},"excerpt":{"rendered":"<p>Abschl\u00e4ge \u00fcber das ganze Spielfeld: Bettina Hurrelmanns Bedeutung f\u00fcr die Deutschdidaktik heute &nbsp; Editorial Karin Vach \/ Steffen Volz: Editorial [pdf] &nbsp; Thematische Beitr\u00e4ge Maik Philipp: Lesekompetenz \u2013 neue prozessuale Herausforderungen im kritisch-evaluativen Lesen und ihre Folgen f\u00fcr das Kompetenzkonstrukt [pdf] &nbsp; Simone C. Ehmig: Wie Leser\u00e4ume schaffen, wo kein Raum zum Lesen ist? Zur [&hellip;]<\/p>\n","protected":false},"author":1,"featured_media":0,"parent":22,"menu_order":91,"comment_status":"closed","ping_status":"closed","template":"","meta":{"footnotes":""},"class_list":["post-1169","page","type-page","status-publish","hentry"],"_links":{"self":[{"href":"https:\/\/xn--leserume-4za.de\/index.php?rest_route=\/wp\/v2\/pages\/1169","targetHints":{"allow":["GET"]}}],"collection":[{"href":"https:\/\/xn--leserume-4za.de\/index.php?rest_route=\/wp\/v2\/pages"}],"about":[{"href":"https:\/\/xn--leserume-4za.de\/index.php?rest_route=\/wp\/v2\/types\/page"}],"author":[{"embeddable":true,"href":"https:\/\/xn--leserume-4za.de\/index.php?rest_route=\/wp\/v2\/users\/1"}],"replies":[{"embeddable":true,"href":"https:\/\/xn--leserume-4za.de\/index.php?rest_route=%2Fwp%2Fv2%2Fcomments&post=1169"}],"version-history":[{"count":18,"href":"https:\/\/xn--leserume-4za.de\/index.php?rest_route=\/wp\/v2\/pages\/1169\/revisions"}],"predecessor-version":[{"id":1187,"href":"https:\/\/xn--leserume-4za.de\/index.php?rest_route=\/wp\/v2\/pages\/1169\/revisions\/1187"}],"up":[{"embeddable":true,"href":"https:\/\/xn--leserume-4za.de\/index.php?rest_route=\/wp\/v2\/pages\/22"}],"wp:attachment":[{"href":"https:\/\/xn--leserume-4za.de\/index.php?rest_route=%2Fwp%2Fv2%2Fmedia&parent=1169"}],"curies":[{"name":"wp","href":"https:\/\/api.w.org\/{rel}","templated":true}]}}