{"id":1006,"date":"2020-10-16T17:58:20","date_gmt":"2020-10-16T17:58:20","guid":{"rendered":"http:\/\/xn--leserume-4za.de\/?page_id=1006"},"modified":"2020-10-19T17:24:18","modified_gmt":"2020-10-19T17:24:18","slug":"ausgabe-6-2020","status":"publish","type":"page","link":"https:\/\/xn--leserume-4za.de\/?page_id=1006","title":{"rendered":"Ausgabe 6 (2020)"},"content":{"rendered":"<h1>20 Jahre PISA. Bildung und Literatur in Schule und Gesellschaft<\/h1>\n<p>&nbsp;<\/p>\n<h2>Editorial<\/h2>\n<h5><strong><span style=\"color: #cc3300;\">Karin Vach:<\/span> 20 Jahre PISA. Bildung und Literatur in Schule und Gesellschaft 1\u22125\u00a0 <a href=\"https:\/\/xn--leserume-4za.de\/wp-content\/uploads\/2020\/10\/lr-2020-1-editorial.pdf\">[pdf]<\/a><\/strong><\/h5>\n<p>&nbsp;<\/p>\n<h2>Thematische Beitr\u00e4ge<\/h2>\n<h5><strong><span style=\"color: #cc3300;\">Eckhard Klieme \/ Karin Vach:<\/span> 20 Jahre PISA. Ein Gespr\u00e4ch mit Eckhard Klieme 6\u221212\u00a0 <a href=\"https:\/\/xn--leserume-4za.de\/wp-content\/uploads\/2020\/10\/lr-2020-1-Klieme.pdf\">[pdf]<\/a><\/strong><\/h5>\n<p>&nbsp;<\/p>\n<h5><strong><span style=\"color: #cc3300;\">Karl-Heinz Dammer:<\/span> Warum wir uns mit Bildung so schwer tun 13\u221226\u00a0 <a href=\"https:\/\/xn--leserume-4za.de\/wp-content\/uploads\/2020\/10\/lr-2020-1-Dammer.pdf\">[pdf]<\/a><\/strong><\/h5>\n<p>&nbsp;<\/p>\n<h5 class=\"Headline0\"><strong><span style=\"color: #cc3300;\">Peter Euler:<\/span> Dennoch: P\u00e4dagogik. Gesellschafts- und Selbstkritik als Bedingung einer in Bildung begr\u00fcndeten P\u00e4dagogik 27\u221243\u00a0 <a href=\"https:\/\/xn--leserume-4za.de\/wp-content\/uploads\/2020\/10\/lr-2020-1-Euler.pdf\">[pdf]<\/a><\/strong><\/h5>\n<p>&nbsp;<\/p>\n<h5><strong><span style=\"color: #cc3300;\">Maryanne Wolf:<\/span> The Magic of the Book. The Reflections of a Reading Worrier about the Role of Books 44\u221248\u00a0 <a href=\"https:\/\/xn--leserume-4za.de\/wp-content\/uploads\/2020\/10\/lr-2020-1-Wolf.pdf\">[pdf]<\/a><\/strong><\/h5>\n<p>&nbsp;<\/p>\n<h5><strong><span style=\"color: #cc3300;\">Mark-Oliver Carl \/ Moritz J\u00f6rgens \/ Tina Schulze \/ Cornelia Rosebrock:<\/span> Strategien von Studierenden im Umgang mit<br \/>\nliterar\u00e4sthetischen Texten 49\u221264\u00a0 <a href=\"https:\/\/xn--leserume-4za.de\/wp-content\/uploads\/2020\/10\/lr-2020-1-Carl-et-al..pdf\">[pdf]<\/a><\/strong><\/h5>\n<p>&nbsp;<\/p>\n<h5 class=\"Autor\"><strong><span style=\"color: #cc3300;\">Irmgard Nickel-Bacon:<\/span> \u00c4sthetische Sensibilisierung mit (Kinder)Lyrik in Grundschule und Orientierungsstufe 65\u221278\u00a0 <a href=\"https:\/\/xn--leserume-4za.de\/wp-content\/uploads\/2020\/10\/lr-2020-1-Nickel-Bacon.pdf\">[pdf]<\/a><\/strong><\/h5>\n<p>&nbsp;<\/p>\n<h5 class=\"Autor\"><strong><span style=\"color: #cc3300;\">Teresa Sansour \/ Karin Vach \/ Stefanie Koeb \/ Frauke Janz \/ Karin Terfloth \/ Peter Zentel:<\/span> \u201eAlso Lesen ist immer ein Entwicklungsraum.\u201c Bestimmungsfaktoren zum Literaturbegriff und Implikationen f\u00fcr den Literaturunterricht 79\u221293\u00a0 <a href=\"https:\/\/xn--leserume-4za.de\/wp-content\/uploads\/2020\/10\/lr-2020-1-Sansour-et-al..pdf\">[pdf]<\/a><\/strong><\/h5>\n<p>&nbsp;<\/p>\n<h2>Forum Literalit\u00e4tsforschung<\/h2>\n<h5><strong><span style=\"color: #cc3300;\">Jochen Heins:<\/span> Erkennen und Erschlie\u00dfen von Unterrichtssituationen. Hinweise zur Entwicklung der professionellen Unterrichtswahrnehmung aus literaturdidaktischer Perspektive <a href=\"https:\/\/xn--leserume-4za.de\/wp-content\/uploads\/2019\/12\/lr-erg-2020-1-Heins.pdf\">[pdf]<\/a><\/strong><\/h5>\n<p>&nbsp;<\/p>\n<h5><strong><span style=\"color: #cc3300;\">Lis Sch\u00fcler:<\/span> Sich Einschreiben in narrative Muster f\u00fcr vorgestellte Erfahrung. Schriftliches Erz\u00e4hlen im Kontext von Wort und Bild. <a href=\"https:\/\/xn--leserume-4za.de\/wp-content\/uploads\/2020\/02\/lr-erg-2020-1-Sch\u00fcler.pdf\">[pdf]<\/a><\/strong><\/h5>\n<p>&nbsp;<\/p>\n<h5><strong><span style=\"color: #cc3300;\">Johannes Vees \/ Cordula L\u00f6ffler \/ Karin Schweizer:<\/span> Wirksamkeit einer praxisbegleitenden deutschdidaktischen Professionalisierungsma\u00dfnahme in der Dom\u00e4ne des Schriftspracherwerbs <a href=\"https:\/\/xn--leserume-4za.de\/wp-content\/uploads\/2020\/04\/lr-folit-2020-1-Vees-et-al.pdf\">[pdf]<\/a><\/strong><\/h5>\n<p>&nbsp;<\/p>\n<h5><strong><span style=\"color: #cc3300;\">Stefan Emmersberger:<\/span> Der Kommentar in Abitur und Sekundarstufe II. Eine explorative Korpusstudie zu materialgest\u00fctztem Schreiben in kommunikativen Kontexten <a href=\"https:\/\/xn--leserume-4za.de\/wp-content\/uploads\/2020\/04\/lr-folit-2020-1-Emmersberger.pdf\">[pdf]<\/a><\/strong><\/h5>\n<p>&nbsp;<\/p>\n<p><b>V. i. S. d. P. f\u00fcr diese Ausgabe: Karin Vach<br \/>\n<\/b><\/p>\n<p>Prof. Dr. Karin Vach<br \/>\nInstitut f\u00fcr deutsche Sprache und Literatur<br \/>\nP\u00e4dagogische Hochschule Heidelberg<br \/>\nIm Neuenheimer Feld 561<br \/>\n69120 Heidelberg<\/p>\n","protected":false},"excerpt":{"rendered":"<p>20 Jahre PISA. Bildung und Literatur in Schule und Gesellschaft &nbsp; Editorial Karin Vach: 20 Jahre PISA. Bildung und Literatur in Schule und Gesellschaft 1\u22125\u00a0 [pdf] &nbsp; Thematische Beitr\u00e4ge Eckhard Klieme \/ Karin Vach: 20 Jahre PISA. Ein Gespr\u00e4ch mit Eckhard Klieme 6\u221212\u00a0 [pdf] &nbsp; Karl-Heinz Dammer: Warum wir uns mit Bildung so schwer tun [&hellip;]<\/p>\n","protected":false},"author":1,"featured_media":0,"parent":22,"menu_order":94,"comment_status":"closed","ping_status":"closed","template":"","meta":{"footnotes":""},"class_list":["post-1006","page","type-page","status-publish","hentry"],"_links":{"self":[{"href":"https:\/\/xn--leserume-4za.de\/index.php?rest_route=\/wp\/v2\/pages\/1006","targetHints":{"allow":["GET"]}}],"collection":[{"href":"https:\/\/xn--leserume-4za.de\/index.php?rest_route=\/wp\/v2\/pages"}],"about":[{"href":"https:\/\/xn--leserume-4za.de\/index.php?rest_route=\/wp\/v2\/types\/page"}],"author":[{"embeddable":true,"href":"https:\/\/xn--leserume-4za.de\/index.php?rest_route=\/wp\/v2\/users\/1"}],"replies":[{"embeddable":true,"href":"https:\/\/xn--leserume-4za.de\/index.php?rest_route=%2Fwp%2Fv2%2Fcomments&post=1006"}],"version-history":[{"count":6,"href":"https:\/\/xn--leserume-4za.de\/index.php?rest_route=\/wp\/v2\/pages\/1006\/revisions"}],"predecessor-version":[{"id":1020,"href":"https:\/\/xn--leserume-4za.de\/index.php?rest_route=\/wp\/v2\/pages\/1006\/revisions\/1020"}],"up":[{"embeddable":true,"href":"https:\/\/xn--leserume-4za.de\/index.php?rest_route=\/wp\/v2\/pages\/22"}],"wp:attachment":[{"href":"https:\/\/xn--leserume-4za.de\/index.php?rest_route=%2Fwp%2Fv2%2Fmedia&parent=1006"}],"curies":[{"name":"wp","href":"https:\/\/api.w.org\/{rel}","templated":true}]}}